{"id":127,"date":"2024-10-16T14:40:30","date_gmt":"2024-10-16T12:40:30","guid":{"rendered":"https:\/\/boisseliers.fr\/?page_id=127"},"modified":"2026-02-14T01:34:47","modified_gmt":"2026-02-14T00:34:47","slug":"contact-et-inscription","status":"publish","type":"page","link":"https:\/\/boisseliers.fr\/index.php\/contact-et-inscription\/","title":{"rendered":"Contact et inscription"},"content":{"rendered":"\n<h2 class=\"wp-block-heading\">Contact<\/h2>\n\n\n\n<p><em>Vous pouvez nous contacter par courrier \u00e0 l&rsquo;adresse ci-dessous<\/em><\/p>\n\n\n\n<p>Association Les Boisseliers<br>Espace Turenne &#8211; 48 rue de Turenne<br>51100 Reims<br><\/p>\n\n\n\n<p><em>Ou par mail \u00e0 l&rsquo;adresse suivante<\/em><\/p>\n\n\n\n<p>associationlesboisseliers@outlook.fr<\/p>\n\n\n\n<p><em>Ou par t\u00e9l\u00e9phone<\/em><\/p>\n\n\n\n<p>au 06.81.07.26.89 <\/p>\n\n\n\n<p><em>Ou nous retrouver sur Facebook<\/em><\/p>\n\n\n\n<p><a href=\"https:\/\/www.facebook.com\/boisseliers\">https:\/\/www.facebook.com\/boisseliers<\/a><\/p>\n\n\n\n<h2 class=\"wp-block-heading\">Inscription<\/h2>\n\n\n\n<p>Pour vous inscrire, rien de plus simple, vous imprimez le bulletin d&rsquo;adh\u00e9sion ainsi que le mandat de repr\u00e9sentation ci-dessous, \u00e0 nous retourner compl\u00e9t\u00e9s et sign\u00e9s, <\/p>\n\n\n\n<p><strong>Montant cotisation<\/strong> : 10 euros\/an<\/p>\n\n\n\n<p>Plusieurs modalit\u00e9s sont possibles :<\/p>\n\n\n\n<ul class=\"wp-block-list\">\n<li>Par ch\u00e8que au nom de \u00ab\u00a0Association des Boisseliers\u00a0\u00bb (vous pouvez le joindre \u00e0 votre courrier d&rsquo;inscription),<\/li>\n\n\n\n<li>En esp\u00e8ce, mais uniquement par paiement direct aupr\u00e8s d&rsquo;un membre du bureau,<\/li>\n\n\n\n<li>Par virement via l&rsquo;IBAN suivant : FR13 2004 1010 0206 1979 6S02 379 (intitul\u00e9 : \u00ab\u00a0Association des Boisseliers\u00a0\u00bb),<\/li>\n\n\n\n<li>sur simple demande un re\u00e7u fiscal pourra vous \u00eatre remis, <\/li>\n<\/ul>\n\n\n\n<p>Vous pouvez aussi nous contacter directement ou par un membre du bureau qui fera le relais.<\/p>\n\n\n\n<div data-wp-interactive=\"core\/file\" class=\"wp-block-file\"><object data-wp-bind--hidden=\"!state.hasPdfPreview\" hidden class=\"wp-block-file__embed\" data=\"https:\/\/boisseliers.fr\/wp-content\/uploads\/2026\/02\/fiche_adhesion.pdf\" type=\"application\/pdf\" style=\"width:100%;height:600px\" aria-label=\"Contenu embarqu\u00e9 fiche_adhesion.\"><\/object><a id=\"wp-block-file--media-8ac54a0a-75d7-4de6-bfe9-ec2dc6eaa5e8\" href=\"https:\/\/boisseliers.fr\/wp-content\/uploads\/2026\/02\/fiche_adhesion.pdf\">fiche_adhesion<\/a><a href=\"https:\/\/boisseliers.fr\/wp-content\/uploads\/2026\/02\/fiche_adhesion.pdf\" class=\"wp-block-file__button wp-element-button\" download aria-describedby=\"wp-block-file--media-8ac54a0a-75d7-4de6-bfe9-ec2dc6eaa5e8\">T\u00e9l\u00e9charger<\/a><\/div>\n\n\n\n<p><\/p>\n\n\n\n<h2 class=\"wp-block-heading\">Repr\u00e9sentation<\/h2>\n\n\n\n<p>Si vous souhaitez que l&rsquo;association vous repr\u00e9sente dans vos d\u00e9marches,  vous trouverez le mandat <a href=\"https:\/\/boisseliers.fr\/index.php\/representation\/\" data-type=\"link\" data-id=\"https:\/\/boisseliers.fr\/index.php\/representation\/\">sur la page repr\u00e9sentation<\/a>.<\/p>\n\n\n\n<p><\/p>\n","protected":false},"excerpt":{"rendered":"<p>Contact Vous pouvez nous contacter par courrier \u00e0 l&rsquo;adresse ci-dessous Association Les BoisseliersEspace Turenne &#8211; 48 rue de Turenne51100 Reims Ou par mail \u00e0 l&rsquo;adresse suivante associationlesboisseliers@outlook.fr Ou par t\u00e9l\u00e9phone au 06.81.07.26.89 Ou nous retrouver sur Facebook https:\/\/www.facebook.com\/boisseliers Inscription Pour vous inscrire, rien de plus simple, vous imprimez le bulletin d&rsquo;adh\u00e9sion ainsi que le mandat &#8230; <a title=\"Contact et inscription\" class=\"read-more\" href=\"https:\/\/boisseliers.fr\/index.php\/contact-et-inscription\/\" aria-label=\"En savoir plus sur Contact et inscription\">Lire la suite<\/a><\/p>\n","protected":false},"author":1,"featured_media":0,"parent":0,"menu_order":0,"comment_status":"closed","ping_status":"closed","template":"","meta":{"footnotes":""},"class_list":["post-127","page","type-page","status-publish"],"_links":{"self":[{"href":"https:\/\/boisseliers.fr\/index.php\/wp-json\/wp\/v2\/pages\/127","targetHints":{"allow":["GET"]}}],"collection":[{"href":"https:\/\/boisseliers.fr\/index.php\/wp-json\/wp\/v2\/pages"}],"about":[{"href":"https:\/\/boisseliers.fr\/index.php\/wp-json\/wp\/v2\/types\/page"}],"author":[{"embeddable":true,"href":"https:\/\/boisseliers.fr\/index.php\/wp-json\/wp\/v2\/users\/1"}],"replies":[{"embeddable":true,"href":"https:\/\/boisseliers.fr\/index.php\/wp-json\/wp\/v2\/comments?post=127"}],"version-history":[{"count":16,"href":"https:\/\/boisseliers.fr\/index.php\/wp-json\/wp\/v2\/pages\/127\/revisions"}],"predecessor-version":[{"id":382,"href":"https:\/\/boisseliers.fr\/index.php\/wp-json\/wp\/v2\/pages\/127\/revisions\/382"}],"wp:attachment":[{"href":"https:\/\/boisseliers.fr\/index.php\/wp-json\/wp\/v2\/media?parent=127"}],"curies":[{"name":"wp","href":"https:\/\/api.w.org\/{rel}","templated":true}]}}