{"id":16,"date":"2023-08-15T11:22:57","date_gmt":"2023-08-15T09:22:57","guid":{"rendered":"https:\/\/boisseliers.fr\/?page_id=16"},"modified":"2025-02-05T15:58:34","modified_gmt":"2025-02-05T14:58:34","slug":"histoire","status":"publish","type":"page","link":"https:\/\/boisseliers.fr\/index.php\/histoire\/","title":{"rendered":"Histoire d\u00e9taill\u00e9e de l&rsquo;association"},"content":{"rendered":"\n<p><\/p>\n\n\n\n<p>N\u00e9e en 1991 d&rsquo;un premier regroupement de locataires du lotissement les boisseliers compos\u00e9 de 35 habitations individuelles en ossature bois de l&rsquo;ex bailleur social OPAC devenu Reims Habitat situ\u00e9 dans le quartier Murigny Sud \u00e0 Reims, puis en association Loi 1901,<\/p>\n\n\n\n<p>C&rsquo;est en 1991 que les premiers locataires ont d\u00e9nonc\u00e9 d&rsquo;importants vices de construction au niveau des planchers et des fa\u00e7ades, ce qui a conduit \u00e0 la vente du lotissement sur d\u00e9cision du conseil d&rsquo;administration de l&rsquo;OPAC. Un bailleur social qui c\u00e8de une partie de son patrimoine dix ans apr\u00e8s, du jamais \u00e0 Reims.<\/p>\n\n\n\n<p>Aujourd&rsquo;hui, 34 ans apr\u00e8s et depuis une vingtaine d&rsquo;ann\u00e9es d&rsquo;ann\u00e9es maintenant ce\u00a0programme locatif est en accession \u00e0 la propri\u00e9t\u00e9, 75 % de locataires ont acquis leur location, d&rsquo;importantes r\u00e9parations ont \u00e0 l&rsquo;\u00e9poque \u00e9t\u00e9 entreprises par le bailleur social (tant \u00e0 l&rsquo;int\u00e9rieur qu&rsquo;au niveau des fa\u00e7ades).<\/p>\n\n\n\n<p>Il reste encore quelques locataires mais si une famille quitte son logement, le pavillon n&rsquo;est plus louable mais \u00e0 vendre (tarif d\u00e9termin\u00e9 par les domaines).<\/p>\n\n\n\n<p>Il fait bon vivre dans ce type de pavillon, l&rsquo;isolation est relativement bonne, peut \u00eatre a am\u00e9liorer en raison du co\u00fbt des \u00e9nergies par des travaux d&rsquo;isolation, le co\u00fbt annuel li\u00e9 aux d\u00e9penses \u00e9nerg\u00e9tiques reste raisonnable.<\/p>\n\n\n\n<p>Le lotissement est agr\u00e9able \u00e0 vivre, r\u00e9guli\u00e8rement de nouveaux couples s&rsquo;y installent et certains ont rejoint l&rsquo;association.<\/p>\n\n\n\n<p>Depuis quelques ann\u00e9es maintenant, l&rsquo;association, compl\u00e8tement ind\u00e9pendante, op\u00e8re sur l\u2019ensemble du territoire r\u00e9mois et les communes limitrophes, une dizaines de d\u00e9l\u00e9gu\u00e9es de secteur r\u00e9partis dans les diff\u00e9rents quartiers font remonter les informations au conseil d&rsquo;administration et au fil des ann\u00e9es elle ne cesse de s&rsquo;agrandir.<\/p>\n\n\n\n<p><\/p>\n","protected":false},"excerpt":{"rendered":"<p>N\u00e9e en 1991 d&rsquo;un premier regroupement de locataires du lotissement les boisseliers compos\u00e9 de 35 habitations individuelles en ossature bois de l&rsquo;ex bailleur social OPAC devenu Reims Habitat situ\u00e9 dans le quartier Murigny Sud \u00e0 Reims, puis en association Loi 1901, C&rsquo;est en 1991 que les premiers locataires ont d\u00e9nonc\u00e9 d&rsquo;importants vices de construction au &#8230; <a title=\"Histoire d\u00e9taill\u00e9e de l&rsquo;association\" class=\"read-more\" href=\"https:\/\/boisseliers.fr\/index.php\/histoire\/\" aria-label=\"En savoir plus sur Histoire d\u00e9taill\u00e9e de l&rsquo;association\">Lire la suite<\/a><\/p>\n","protected":false},"author":1,"featured_media":0,"parent":0,"menu_order":0,"comment_status":"closed","ping_status":"closed","template":"","meta":{"footnotes":""},"class_list":["post-16","page","type-page","status-publish"],"_links":{"self":[{"href":"https:\/\/boisseliers.fr\/index.php\/wp-json\/wp\/v2\/pages\/16","targetHints":{"allow":["GET"]}}],"collection":[{"href":"https:\/\/boisseliers.fr\/index.php\/wp-json\/wp\/v2\/pages"}],"about":[{"href":"https:\/\/boisseliers.fr\/index.php\/wp-json\/wp\/v2\/types\/page"}],"author":[{"embeddable":true,"href":"https:\/\/boisseliers.fr\/index.php\/wp-json\/wp\/v2\/users\/1"}],"replies":[{"embeddable":true,"href":"https:\/\/boisseliers.fr\/index.php\/wp-json\/wp\/v2\/comments?post=16"}],"version-history":[{"count":10,"href":"https:\/\/boisseliers.fr\/index.php\/wp-json\/wp\/v2\/pages\/16\/revisions"}],"predecessor-version":[{"id":338,"href":"https:\/\/boisseliers.fr\/index.php\/wp-json\/wp\/v2\/pages\/16\/revisions\/338"}],"wp:attachment":[{"href":"https:\/\/boisseliers.fr\/index.php\/wp-json\/wp\/v2\/media?parent=16"}],"curies":[{"name":"wp","href":"https:\/\/api.w.org\/{rel}","templated":true}]}}