{"id":18,"date":"2023-08-15T11:45:01","date_gmt":"2023-08-15T09:45:01","guid":{"rendered":"https:\/\/boisseliers.fr\/?page_id=18"},"modified":"2025-02-05T15:15:00","modified_gmt":"2025-02-05T14:15:00","slug":"lassociation","status":"publish","type":"page","link":"https:\/\/boisseliers.fr\/","title":{"rendered":"L&rsquo;association"},"content":{"rendered":"\n<p>L&rsquo;association Les Boisseliers est une association ind\u00e9pendante de r\u00e9sidents (non affili\u00e9e \u00e0 une f\u00e9d\u00e9ration nationale du logement), pour les locataires ou propri\u00e9taires de leur logement. <br>Elle est n\u00e9e en 1991 d&rsquo;un premier regroupement de locataires d&rsquo;un lotissement pavillonnaire de m\u00eame nom situ\u00e9 dans le quartier Murigny Sud \u00e0 Reims puis d&rsquo;une association qui ne cesse de s&rsquo;agrandir. <\/p>\n\n\n\n<p>Depuis quelques ann\u00e9es maintenant, elle op\u00e8re sur l\u2019ensemble du territoire r\u00e9mois et les communes limitrophes, une dizaines de d\u00e9l\u00e9gu\u00e9es de secteur r\u00e9partis dans les diff\u00e9rents quartiers font remonter les informations au conseil d&rsquo;administration.<\/p>\n\n\n\n<figure class=\"wp-block-image size-full is-resized\"><img loading=\"lazy\" decoding=\"async\" width=\"960\" height=\"485\" src=\"https:\/\/boisseliers.fr\/wp-content\/uploads\/2025\/01\/photo-Ass.jpg\" alt=\"\" class=\"wp-image-321\" style=\"width:608px;height:auto\" srcset=\"https:\/\/boisseliers.fr\/wp-content\/uploads\/2025\/01\/photo-Ass.jpg 960w, https:\/\/boisseliers.fr\/wp-content\/uploads\/2025\/01\/photo-Ass-300x152.jpg 300w, https:\/\/boisseliers.fr\/wp-content\/uploads\/2025\/01\/photo-Ass-768x388.jpg 768w\" sizes=\"auto, (max-width: 960px) 100vw, 960px\" \/><\/figure>\n\n\n\n<p>Nos objectifs sont :<\/p>\n\n\n\n<p>La d\u00e9fense des locataires et des propri\u00e9taires dans le domaine de l\u2019Habitat<\/p>\n\n\n\n<ul class=\"wp-block-list\">\n<li>Intervenir pour lutter contre toute forme de d\u00e9gradation<\/li>\n\n\n\n<li>Favoriser la qualit\u00e9 environnementale<\/li>\n\n\n\n<li>Favoriser la tranquillit\u00e9 et \u00e0 la s\u00e9curit\u00e9 publique.<\/li>\n<\/ul>\n\n\n\n<h2 class=\"wp-block-heading\">Logement et habitation<\/h2>\n\n\n\n<p>Apporter aide, soutien et conseils.<\/p>\n\n\n\n<p>D\u00e9fendre le ou les int\u00e9r\u00eats des membres adh\u00e9rents \u00e0 la pr\u00e9sente association pour un respect des r\u00e8gles et lois en mati\u00e8re de location ou de propri\u00e9t\u00e9 priv\u00e9e \u00e0 usage d\u2019habitation ou professionnelle.<\/p>\n\n\n\n<h2 class=\"wp-block-heading\">Ins\u00e9curit\u00e9, tranquillit\u00e9 publique<\/h2>\n\n\n\n<p>D\u00e9noncer, sous toutes ses formes, l&rsquo;ins\u00e9curit\u00e9, les d\u00e9sordres urbains et les troubles \u00e0 la tranquillit\u00e9 publique.<\/p>\n\n\n\n<h2 class=\"wp-block-heading\">Qualit\u00e9 environnementale<\/h2>\n\n\n\n<p>D\u00e9noncer, sous toutes ses formes, les troubles \u00e0 la qualit\u00e9 de l&rsquo;environnement.<\/p>\n\n\n\n<p>Pour d\u00e9fendre, am\u00e9liorer ou maintenir un certain cadre de vie dans son habitation, dans son quartier, sa commune et pour une meilleure qualit\u00e9 de vie, venez nous rejoindre ou prendre des responsabilit\u00e9s au sein du Conseil d&rsquo;Administration de l&rsquo;Association. <br>Venez nous voir r\u00e9guli\u00e8rement et n&rsquo;h\u00e9sitez pas \u00e0 nous contacter pour de plus amples renseignements.<\/p>\n\n\n\n<p><\/p>\n","protected":false},"excerpt":{"rendered":"<p>L&rsquo;association Les Boisseliers est une association ind\u00e9pendante de r\u00e9sidents (non affili\u00e9e \u00e0 une f\u00e9d\u00e9ration nationale du logement), pour les locataires ou propri\u00e9taires de leur logement. Elle est n\u00e9e en 1991 d&rsquo;un premier regroupement de locataires d&rsquo;un lotissement pavillonnaire de m\u00eame nom situ\u00e9 dans le quartier Murigny Sud \u00e0 Reims puis d&rsquo;une association qui ne cesse &#8230; <a title=\"L&rsquo;association\" class=\"read-more\" href=\"https:\/\/boisseliers.fr\/\" aria-label=\"En savoir plus sur L&rsquo;association\">Lire la suite<\/a><\/p>\n","protected":false},"author":1,"featured_media":0,"parent":0,"menu_order":0,"comment_status":"closed","ping_status":"closed","template":"","meta":{"footnotes":""},"class_list":["post-18","page","type-page","status-publish"],"_links":{"self":[{"href":"https:\/\/boisseliers.fr\/index.php\/wp-json\/wp\/v2\/pages\/18","targetHints":{"allow":["GET"]}}],"collection":[{"href":"https:\/\/boisseliers.fr\/index.php\/wp-json\/wp\/v2\/pages"}],"about":[{"href":"https:\/\/boisseliers.fr\/index.php\/wp-json\/wp\/v2\/types\/page"}],"author":[{"embeddable":true,"href":"https:\/\/boisseliers.fr\/index.php\/wp-json\/wp\/v2\/users\/1"}],"replies":[{"embeddable":true,"href":"https:\/\/boisseliers.fr\/index.php\/wp-json\/wp\/v2\/comments?post=18"}],"version-history":[{"count":15,"href":"https:\/\/boisseliers.fr\/index.php\/wp-json\/wp\/v2\/pages\/18\/revisions"}],"predecessor-version":[{"id":329,"href":"https:\/\/boisseliers.fr\/index.php\/wp-json\/wp\/v2\/pages\/18\/revisions\/329"}],"wp:attachment":[{"href":"https:\/\/boisseliers.fr\/index.php\/wp-json\/wp\/v2\/media?parent=18"}],"curies":[{"name":"wp","href":"https:\/\/api.w.org\/{rel}","templated":true}]}}