{"id":351,"date":"2025-07-28T12:18:47","date_gmt":"2025-07-28T10:18:47","guid":{"rendered":"https:\/\/boisseliers.fr\/?page_id=351"},"modified":"2025-07-28T12:18:47","modified_gmt":"2025-07-28T10:18:47","slug":"representation","status":"publish","type":"page","link":"https:\/\/boisseliers.fr\/index.php\/representation\/","title":{"rendered":"Repr\u00e9sentation"},"content":{"rendered":"\n<p>L&rsquo;association peut vous accompagner pour vous aider dans vos d\u00e9marches ou r\u00e9clamations mais elle peut aussi vous repr\u00e9senter.<\/p>\n\n\n\n<p>Pour ce faire, vous devez remplir le document ci-dessous et le remettre \u00e0 un membre actif (d\u00e9l\u00e9gu\u00e9 de secteur par exemple) de l&rsquo;association ou l&rsquo;envoyer  par courrier postal (voir la page <a href=\"https:\/\/boisseliers.fr\/index.php\/contact-et-inscription\/\" data-type=\"page\" data-id=\"127\">Contact et inscription<\/a>).<\/p>\n\n\n\n<div data-wp-interactive=\"core\/file\" class=\"wp-block-file\"><object data-wp-bind--hidden=\"!state.hasPdfPreview\" hidden class=\"wp-block-file__embed\" data=\"https:\/\/boisseliers.fr\/wp-content\/uploads\/2025\/07\/mandat_representation.pdf\" type=\"application\/pdf\" style=\"width:100%;height:600px\" aria-label=\"Contenu embarqu\u00e9 mandat_representation.\"><\/object><a id=\"wp-block-file--media-7bbb1887-a8a5-4d20-901a-80ea07b0122a\" href=\"https:\/\/boisseliers.fr\/wp-content\/uploads\/2025\/07\/mandat_representation.pdf\">mandat_representation<\/a><a href=\"https:\/\/boisseliers.fr\/wp-content\/uploads\/2025\/07\/mandat_representation.pdf\" class=\"wp-block-file__button wp-element-button\" download aria-describedby=\"wp-block-file--media-7bbb1887-a8a5-4d20-901a-80ea07b0122a\">T\u00e9l\u00e9charger<\/a><\/div>\n","protected":false},"excerpt":{"rendered":"<p>L&rsquo;association peut vous accompagner pour vous aider dans vos d\u00e9marches ou r\u00e9clamations mais elle peut aussi vous repr\u00e9senter. Pour ce faire, vous devez remplir le document ci-dessous et le remettre \u00e0 un membre actif (d\u00e9l\u00e9gu\u00e9 de secteur par exemple) de l&rsquo;association ou l&rsquo;envoyer par courrier postal (voir la page Contact et inscription).<\/p>\n","protected":false},"author":1,"featured_media":0,"parent":0,"menu_order":0,"comment_status":"closed","ping_status":"closed","template":"","meta":{"footnotes":""},"class_list":["post-351","page","type-page","status-publish"],"_links":{"self":[{"href":"https:\/\/boisseliers.fr\/index.php\/wp-json\/wp\/v2\/pages\/351","targetHints":{"allow":["GET"]}}],"collection":[{"href":"https:\/\/boisseliers.fr\/index.php\/wp-json\/wp\/v2\/pages"}],"about":[{"href":"https:\/\/boisseliers.fr\/index.php\/wp-json\/wp\/v2\/types\/page"}],"author":[{"embeddable":true,"href":"https:\/\/boisseliers.fr\/index.php\/wp-json\/wp\/v2\/users\/1"}],"replies":[{"embeddable":true,"href":"https:\/\/boisseliers.fr\/index.php\/wp-json\/wp\/v2\/comments?post=351"}],"version-history":[{"count":1,"href":"https:\/\/boisseliers.fr\/index.php\/wp-json\/wp\/v2\/pages\/351\/revisions"}],"predecessor-version":[{"id":353,"href":"https:\/\/boisseliers.fr\/index.php\/wp-json\/wp\/v2\/pages\/351\/revisions\/353"}],"wp:attachment":[{"href":"https:\/\/boisseliers.fr\/index.php\/wp-json\/wp\/v2\/media?parent=351"}],"curies":[{"name":"wp","href":"https:\/\/api.w.org\/{rel}","templated":true}]}}