{"id":53,"date":"2023-10-17T11:02:46","date_gmt":"2023-10-17T09:02:46","guid":{"rendered":"https:\/\/boisseliers.fr\/?page_id=53"},"modified":"2026-03-20T12:55:18","modified_gmt":"2026-03-20T11:55:18","slug":"le-bureau","status":"publish","type":"page","link":"https:\/\/boisseliers.fr\/index.php\/le-bureau\/","title":{"rendered":"Le bureau"},"content":{"rendered":"\n<div class=\"wp-block-media-text is-stacked-on-mobile\" style=\"grid-template-columns:15% auto\"><figure class=\"wp-block-media-text__media\"><img loading=\"lazy\" decoding=\"async\" width=\"140\" height=\"180\" src=\"https:\/\/boisseliers.fr\/wp-content\/uploads\/2026\/02\/Gerard.jpg\" alt=\"\" class=\"wp-image-400 size-full\"\/><\/figure><div class=\"wp-block-media-text__content\">\n<p><strong>Pr\u00e9sident fondateur<\/strong> <\/p>\n\n\n\n<p>G\u00e9rard Lacroix<\/p>\n<\/div><\/div>\n\n\n\n<hr class=\"wp-block-separator aligncenter has-alpha-channel-opacity\"\/>\n\n\n\n<div class=\"wp-block-media-text is-stacked-on-mobile\" style=\"grid-template-columns:15% auto\"><figure class=\"wp-block-media-text__media\"><img loading=\"lazy\" decoding=\"async\" width=\"140\" height=\"180\" src=\"https:\/\/boisseliers.fr\/wp-content\/uploads\/2026\/02\/inconnu-1.jpg\" alt=\"\" class=\"wp-image-409 size-full\"\/><\/figure><div class=\"wp-block-media-text__content\">\n<p><strong>Tr\u00e9sorier<\/strong><\/p>\n\n\n\n<p>Christian M\u00e9nager<\/p>\n\n\n\n<p><\/p>\n<\/div><\/div>\n\n\n\n<hr class=\"wp-block-separator has-alpha-channel-opacity\"\/>\n\n\n\n<div class=\"wp-block-media-text is-stacked-on-mobile\" style=\"grid-template-columns:15% auto\"><figure class=\"wp-block-media-text__media\"><img loading=\"lazy\" decoding=\"async\" width=\"140\" height=\"180\" src=\"https:\/\/boisseliers.fr\/wp-content\/uploads\/2026\/03\/patrice.jpg\" alt=\"\" class=\"wp-image-448 size-full\"\/><\/figure><div class=\"wp-block-media-text__content\">\n<p>Patrice Battefort<\/p>\n\n\n\n<p><strong>Membre<\/strong><\/p>\n<\/div><\/div>\n\n\n\n<hr class=\"wp-block-separator has-alpha-channel-opacity\"\/>\n\n\n\n<div class=\"wp-block-media-text is-stacked-on-mobile\" style=\"grid-template-columns:15% auto\"><figure class=\"wp-block-media-text__media\"><img loading=\"lazy\" decoding=\"async\" width=\"140\" height=\"180\" src=\"https:\/\/boisseliers.fr\/wp-content\/uploads\/2026\/02\/Genev.jpg\" alt=\"\" class=\"wp-image-402 size-full\"\/><\/figure><div class=\"wp-block-media-text__content\">\n<p><strong>Secr\u00e9taire<\/strong><\/p>\n\n\n\n<p>Genevi\u00e8ve Kaczowka<\/p>\n<\/div><\/div>\n\n\n\n<hr class=\"wp-block-separator has-alpha-channel-opacity\"\/>\n\n\n\n<div class=\"wp-block-media-text is-stacked-on-mobile\" style=\"grid-template-columns:15% auto\"><figure class=\"wp-block-media-text__media\"><img loading=\"lazy\" decoding=\"async\" width=\"140\" height=\"180\" src=\"https:\/\/boisseliers.fr\/wp-content\/uploads\/2026\/02\/Martine-1.jpg\" alt=\"\" class=\"wp-image-418 size-full\"\/><\/figure><div class=\"wp-block-media-text__content\">\n<p><strong>Secr\u00e9taire <\/strong><\/p>\n\n\n\n<p>Martine Villiot<\/p>\n<\/div><\/div>\n\n\n\n<hr class=\"wp-block-separator has-alpha-channel-opacity\"\/>\n\n\n\n<div class=\"wp-block-media-text is-stacked-on-mobile\" style=\"grid-template-columns:15% auto\"><figure class=\"wp-block-media-text__media\"><img loading=\"lazy\" decoding=\"async\" width=\"140\" height=\"180\" src=\"https:\/\/boisseliers.fr\/wp-content\/uploads\/2026\/02\/Fab.jpg\" alt=\"\" class=\"wp-image-404 size-full\"\/><\/figure><div class=\"wp-block-media-text__content\">\n<p>C<strong>onseiller technique copropri\u00e9t\u00e9<\/strong><\/p>\n\n\n\n<p>Fabio Pasqualini<\/p>\n<\/div><\/div>\n\n\n\n<hr class=\"wp-block-separator has-alpha-channel-opacity\"\/>\n\n\n\n<h2 class=\"wp-block-heading\">Les d\u00e9l\u00e9gu\u00e9s de secteur<\/h2>\n\n\n\n<p>\u00c9lus \u00e0 chaque Assembl\u00e9e G\u00e9n\u00e9rale Ordinaire, en lien direct avec les dirigeants de l&rsquo;association, les d\u00e9l\u00e9gu\u00e9s de secteur ont pour mission, conform\u00e9ment aux statuts, de faire remonter tout \u00e9v\u00e8nement de leur quartier.<\/p>\n\n\n\n<p>Pour rentrer en contact avec l&rsquo;un d&rsquo;entre eux, envoyez nous un e-mail ou contactez nous par t\u00e9l\u00e9phone.<\/p>\n\n\n\n<div class=\"wp-block-media-text is-stacked-on-mobile\" style=\"grid-template-columns:15% auto\"><figure class=\"wp-block-media-text__media\"><img loading=\"lazy\" decoding=\"async\" width=\"140\" height=\"180\" src=\"https:\/\/boisseliers.fr\/wp-content\/uploads\/2026\/02\/inconnu-2.jpg\" alt=\"\" class=\"wp-image-410 size-full\"\/><\/figure><div class=\"wp-block-media-text__content\">\n<p><strong>Centre ville<\/strong><\/p>\n\n\n\n<p>Robert Auger<\/p>\n<\/div><\/div>\n\n\n\n<hr class=\"wp-block-separator has-alpha-channel-opacity\"\/>\n\n\n\n<div class=\"wp-block-media-text is-stacked-on-mobile\" style=\"grid-template-columns:15% auto\"><figure class=\"wp-block-media-text__media\"><img loading=\"lazy\" decoding=\"async\" width=\"140\" height=\"180\" src=\"https:\/\/boisseliers.fr\/wp-content\/uploads\/2026\/02\/inconnu-3.jpg\" alt=\"\" class=\"wp-image-411 size-full\"\/><\/figure><div class=\"wp-block-media-text__content\">\n<p><strong>Croix-Rouge (Einsenhower -Taittinger)<\/strong><\/p>\n\n\n\n<p>Christian M\u00e9nager<\/p>\n<\/div><\/div>\n\n\n\n<hr class=\"wp-block-separator has-alpha-channel-opacity\"\/>\n\n\n\n<div class=\"wp-block-media-text is-stacked-on-mobile\" style=\"grid-template-columns:15% auto\"><figure class=\"wp-block-media-text__media\"><img loading=\"lazy\" decoding=\"async\" width=\"140\" height=\"180\" src=\"https:\/\/boisseliers.fr\/wp-content\/uploads\/2026\/02\/Martine-1.jpg\" alt=\"\" class=\"wp-image-418 size-full\"\/><\/figure><div class=\"wp-block-media-text__content\">\n<p>B<strong>arthou-louvois<\/strong><\/p>\n\n\n\n<p>Martine Villiot<\/p>\n<\/div><\/div>\n\n\n\n<hr class=\"wp-block-separator has-alpha-channel-opacity\"\/>\n\n\n\n<div class=\"wp-block-media-text is-stacked-on-mobile\" style=\"grid-template-columns:15% auto\"><figure class=\"wp-block-media-text__media\"><img loading=\"lazy\" decoding=\"async\" width=\"140\" height=\"180\" src=\"https:\/\/boisseliers.fr\/wp-content\/uploads\/2026\/02\/Genev.jpg\" alt=\"\" class=\"wp-image-402 size-full\"\/><\/figure><div class=\"wp-block-media-text__content\">\n<p><strong>Polygones-Universit\u00e9<\/strong><\/p>\n\n\n\n<p>Genevi\u00e8ve Kaczowka<\/p>\n<\/div><\/div>\n\n\n\n<hr class=\"wp-block-separator has-alpha-channel-opacity\"\/>\n\n\n\n<div class=\"wp-block-media-text is-stacked-on-mobile\" style=\"grid-template-columns:15% auto\"><figure class=\"wp-block-media-text__media\"><img loading=\"lazy\" decoding=\"async\" width=\"140\" height=\"180\" src=\"https:\/\/boisseliers.fr\/wp-content\/uploads\/2026\/02\/inconnu-3.jpg\" alt=\"\" class=\"wp-image-411 size-full\"\/><\/figure><div class=\"wp-block-media-text__content\">\n<p><strong>Rema&rsquo;Vert &#8211; Europe<\/strong><\/p>\n<\/div><\/div>\n\n\n\n<hr class=\"wp-block-separator has-alpha-channel-opacity\"\/>\n\n\n\n<div class=\"wp-block-media-text is-stacked-on-mobile\" style=\"grid-template-columns:15% auto\"><figure class=\"wp-block-media-text__media\"><img loading=\"lazy\" decoding=\"async\" width=\"140\" height=\"180\" src=\"https:\/\/boisseliers.fr\/wp-content\/uploads\/2026\/02\/inconnu-3.jpg\" alt=\"\" class=\"wp-image-411 size-full\"\/><\/figure><div class=\"wp-block-media-text__content\">\n<p><strong>Haut de Murigny &#8211; <\/strong>Jeanne Jugan<\/p>\n\n\n\n<p>Marie Descotes<\/p>\n<\/div><\/div>\n\n\n\n<hr class=\"wp-block-separator has-alpha-channel-opacity\"\/>\n\n\n\n<div class=\"wp-block-media-text is-stacked-on-mobile\" style=\"grid-template-columns:15% auto\"><figure class=\"wp-block-media-text__media\"><img loading=\"lazy\" decoding=\"async\" width=\"140\" height=\"180\" src=\"https:\/\/boisseliers.fr\/wp-content\/uploads\/2026\/02\/inconnu-3.jpg\" alt=\"\" class=\"wp-image-411 size-full\"\/><\/figure><div class=\"wp-block-media-text__content\">\n<p>C<strong>roix-Rouge &#8211; Savoyards<\/strong><\/p>\n\n\n\n<p>Hulya Guney<\/p>\n<\/div><\/div>\n\n\n\n<hr class=\"wp-block-separator has-alpha-channel-opacity\"\/>\n\n\n\n<div class=\"wp-block-media-text is-stacked-on-mobile\" style=\"grid-template-columns:15% auto\"><figure class=\"wp-block-media-text__media\"><img loading=\"lazy\" decoding=\"async\" width=\"140\" height=\"180\" src=\"https:\/\/boisseliers.fr\/wp-content\/uploads\/2026\/02\/inconnu-3.jpg\" alt=\"\" class=\"wp-image-411 size-full\"\/><\/figure><div class=\"wp-block-media-text__content\">\n<p><strong>Murigny Sud &#8211; Espl Henri de Montherlant<\/strong><\/p>\n\n\n\n<p>V\u00e9ronique Didion<\/p>\n<\/div><\/div>\n\n\n\n<hr class=\"wp-block-separator has-alpha-channel-opacity\"\/>\n\n\n\n<div class=\"wp-block-media-text is-stacked-on-mobile\" style=\"grid-template-columns:15% auto\"><figure class=\"wp-block-media-text__media\"><img loading=\"lazy\" decoding=\"async\" width=\"140\" height=\"180\" src=\"https:\/\/boisseliers.fr\/wp-content\/uploads\/2026\/02\/inconnu-3.jpg\" alt=\"\" class=\"wp-image-411 size-full\"\/><\/figure><div class=\"wp-block-media-text__content\">\n<p><strong>Murigny Sud &#8211; Marcel Paul-Edmond Rostand<\/strong><\/p>\n\n\n\n<p>Jean Puymartin<\/p>\n<\/div><\/div>\n\n\n\n<hr class=\"wp-block-separator has-alpha-channel-opacity\"\/>\n\n\n\n<div class=\"wp-block-media-text is-stacked-on-mobile\" style=\"grid-template-columns:15% auto\"><figure class=\"wp-block-media-text__media\"><img loading=\"lazy\" decoding=\"async\" width=\"140\" height=\"180\" src=\"https:\/\/boisseliers.fr\/wp-content\/uploads\/2026\/03\/pascal-1.jpg\" alt=\"\" class=\"wp-image-449 size-full\"\/><\/figure><div class=\"wp-block-media-text__content\">\n<p><strong>Europe<\/strong><\/p>\n\n\n\n<p>Pascal Malais\u00e9<\/p>\n<\/div><\/div>\n","protected":false},"excerpt":{"rendered":"<p>Pr\u00e9sident fondateur G\u00e9rard Lacroix Tr\u00e9sorier Christian M\u00e9nager Patrice Battefort Membre Secr\u00e9taire Genevi\u00e8ve Kaczowka Secr\u00e9taire Martine Villiot Conseiller technique copropri\u00e9t\u00e9 Fabio Pasqualini Les d\u00e9l\u00e9gu\u00e9s de secteur \u00c9lus \u00e0 chaque Assembl\u00e9e G\u00e9n\u00e9rale Ordinaire, en lien direct avec les dirigeants de l&rsquo;association, les d\u00e9l\u00e9gu\u00e9s de secteur ont pour mission, conform\u00e9ment aux statuts, de faire remonter tout \u00e9v\u00e8nement de &#8230; <a title=\"Le bureau\" class=\"read-more\" href=\"https:\/\/boisseliers.fr\/index.php\/le-bureau\/\" aria-label=\"En savoir plus sur Le bureau\">Lire la suite<\/a><\/p>\n","protected":false},"author":1,"featured_media":0,"parent":0,"menu_order":0,"comment_status":"closed","ping_status":"closed","template":"","meta":{"footnotes":""},"class_list":["post-53","page","type-page","status-publish"],"_links":{"self":[{"href":"https:\/\/boisseliers.fr\/index.php\/wp-json\/wp\/v2\/pages\/53","targetHints":{"allow":["GET"]}}],"collection":[{"href":"https:\/\/boisseliers.fr\/index.php\/wp-json\/wp\/v2\/pages"}],"about":[{"href":"https:\/\/boisseliers.fr\/index.php\/wp-json\/wp\/v2\/types\/page"}],"author":[{"embeddable":true,"href":"https:\/\/boisseliers.fr\/index.php\/wp-json\/wp\/v2\/users\/1"}],"replies":[{"embeddable":true,"href":"https:\/\/boisseliers.fr\/index.php\/wp-json\/wp\/v2\/comments?post=53"}],"version-history":[{"count":42,"href":"https:\/\/boisseliers.fr\/index.php\/wp-json\/wp\/v2\/pages\/53\/revisions"}],"predecessor-version":[{"id":455,"href":"https:\/\/boisseliers.fr\/index.php\/wp-json\/wp\/v2\/pages\/53\/revisions\/455"}],"wp:attachment":[{"href":"https:\/\/boisseliers.fr\/index.php\/wp-json\/wp\/v2\/media?parent=53"}],"curies":[{"name":"wp","href":"https:\/\/api.w.org\/{rel}","templated":true}]}}